{"id":6,"date":"2021-05-05T15:35:49","date_gmt":"2021-05-05T13:35:49","guid":{"rendered":"http:\/\/www.promenadesbillion.be\/?page_id=6"},"modified":"2021-05-08T21:58:11","modified_gmt":"2021-05-08T19:58:11","slug":"le-nouveau-e-mucem-ouvre-ses-portes-2","status":"publish","type":"page","link":"https:\/\/www.promenadesbillion.be\/","title":{"rendered":"Bienvenue sur Promenades Billion"},"content":{"rendered":"\n<div class=\"wp-block-group alignwide\"><div class=\"wp-block-group__inner-container is-layout-flow wp-block-group-is-layout-flow\">\n<h2 class=\"has-text-align-center wp-block-heading\">Retrouvez sur ce site toutes nos ballades en France et en Belgique <\/h2>\n<\/div><\/div>\n\n\n\n<div class=\"wp-block-columns alignwide is-layout-flex wp-container-core-columns-is-layout-9d6595d7 wp-block-columns-is-layout-flex\">\n<div class=\"wp-block-column is-layout-flow wp-block-column-is-layout-flow\">\n<div class=\"wp-block-group\"><div class=\"wp-block-group__inner-container is-layout-flow wp-block-group-is-layout-flow\">\n<figure class=\"wp-block-image alignfull size-large\"><img loading=\"lazy\" decoding=\"async\" width=\"576\" height=\"1024\" src=\"https:\/\/www.promenadesbillion.be\/wp-content\/uploads\/2021\/05\/783E7B79-93B5-4302-B523-809309C1A853-576x1024.jpg\" alt=\"\" class=\"wp-image-34\" srcset=\"https:\/\/www.promenadesbillion.be\/wp-content\/uploads\/2021\/05\/783E7B79-93B5-4302-B523-809309C1A853-576x1024.jpg 576w, https:\/\/www.promenadesbillion.be\/wp-content\/uploads\/2021\/05\/783E7B79-93B5-4302-B523-809309C1A853-169x300.jpg 169w, https:\/\/www.promenadesbillion.be\/wp-content\/uploads\/2021\/05\/783E7B79-93B5-4302-B523-809309C1A853-768x1366.jpg 768w, https:\/\/www.promenadesbillion.be\/wp-content\/uploads\/2021\/05\/783E7B79-93B5-4302-B523-809309C1A853-864x1536.jpg 864w, https:\/\/www.promenadesbillion.be\/wp-content\/uploads\/2021\/05\/783E7B79-93B5-4302-B523-809309C1A853-1152x2048.jpg 1152w, https:\/\/www.promenadesbillion.be\/wp-content\/uploads\/2021\/05\/783E7B79-93B5-4302-B523-809309C1A853-1568x2789.jpg 1568w, https:\/\/www.promenadesbillion.be\/wp-content\/uploads\/2021\/05\/783E7B79-93B5-4302-B523-809309C1A853-scaled.jpg 1439w\" sizes=\"auto, (max-width: 576px) 100vw, 576px\" \/><\/figure>\n\n\n\n<h3 class=\"wp-block-heading\">L&rsquo;homme<\/h3>\n\n\n\n<p>Billion n\u00e9 le 15\/06\/1973<\/p>\n\n\n\n<div class=\"wp-block-button is-style-outline is-style-outline--1\"><a class=\"wp-block-button__link\" href=\"https:\/\/www.promenadesbillion.be\/?page_id=88\">Lire la suite<\/a><\/div>\n<\/div><\/div>\n\n\n\n<div class=\"wp-block-group\"><div class=\"wp-block-group__inner-container is-layout-flow wp-block-group-is-layout-flow\">\n<figure class=\"wp-block-image alignfull size-large\"><img loading=\"lazy\" decoding=\"async\" width=\"1024\" height=\"768\" src=\"https:\/\/www.promenadesbillion.be\/wp-content\/uploads\/2021\/05\/IMG_3715-EFFECTS-1024x768.jpg\" alt=\"\" class=\"wp-image-42\" srcset=\"https:\/\/www.promenadesbillion.be\/wp-content\/uploads\/2021\/05\/IMG_3715-EFFECTS-1024x768.jpg 1024w, https:\/\/www.promenadesbillion.be\/wp-content\/uploads\/2021\/05\/IMG_3715-EFFECTS-300x225.jpg 300w, https:\/\/www.promenadesbillion.be\/wp-content\/uploads\/2021\/05\/IMG_3715-EFFECTS-768x576.jpg 768w, https:\/\/www.promenadesbillion.be\/wp-content\/uploads\/2021\/05\/IMG_3715-EFFECTS-1536x1152.jpg 1536w, https:\/\/www.promenadesbillion.be\/wp-content\/uploads\/2021\/05\/IMG_3715-EFFECTS-2048x1536.jpg 2048w, https:\/\/www.promenadesbillion.be\/wp-content\/uploads\/2021\/05\/IMG_3715-EFFECTS-1568x1176.jpg 1568w\" sizes=\"auto, (max-width: 1024px) 100vw, 1024px\" \/><\/figure>\n\n\n\n<h3 class=\"wp-block-heading\">La route des Grandes Alpes<\/h3>\n\n\n\n<p>D\u00e9couvrez mes voyages sur cette route mythique<\/p>\n\n\n\n<div class=\"wp-block-button is-style-outline is-style-outline--2\"><a class=\"wp-block-button__link\" href=\"https:\/\/www.promenadesbillion.be\/?page_id=91\">Lire la suite<\/a><\/div>\n<\/div><\/div>\n\n\n\n<div class=\"wp-block-group\"><div class=\"wp-block-group__inner-container is-layout-flow wp-block-group-is-layout-flow\">\n<figure class=\"wp-block-image alignfull size-large\"><img loading=\"lazy\" decoding=\"async\" width=\"1024\" height=\"768\" src=\"https:\/\/www.promenadesbillion.be\/wp-content\/uploads\/2021\/05\/IMG_5840-1024x768.jpg\" alt=\"\" class=\"wp-image-606\" srcset=\"https:\/\/www.promenadesbillion.be\/wp-content\/uploads\/2021\/05\/IMG_5840-1024x768.jpg 1024w, https:\/\/www.promenadesbillion.be\/wp-content\/uploads\/2021\/05\/IMG_5840-300x225.jpg 300w, https:\/\/www.promenadesbillion.be\/wp-content\/uploads\/2021\/05\/IMG_5840-768x576.jpg 768w, https:\/\/www.promenadesbillion.be\/wp-content\/uploads\/2021\/05\/IMG_5840-1536x1152.jpg 1536w, https:\/\/www.promenadesbillion.be\/wp-content\/uploads\/2021\/05\/IMG_5840-2048x1536.jpg 2048w, https:\/\/www.promenadesbillion.be\/wp-content\/uploads\/2021\/05\/IMG_5840-1200x900.jpg 1200w, https:\/\/www.promenadesbillion.be\/wp-content\/uploads\/2021\/05\/IMG_5840-1980x1485.jpg 1980w\" sizes=\"auto, (max-width: 1024px) 100vw, 1024px\" \/><\/figure>\n\n\n\n<h3 class=\"wp-block-heading\">Les Autres belles routes<\/h3>\n\n\n\n<p>L&rsquo;Auvergne,la Normandie,&#8230;&#8230;<\/p>\n\n\n\n<div class=\"wp-block-button is-style-outline is-style-outline--3\"><a class=\"wp-block-button__link\" href=\"https:\/\/www.promenadesbillion.be\/?page_id=756\">Lire la suite<\/a><\/div>\n<\/div><\/div>\n<\/div>\n\n\n\n<div class=\"wp-block-column is-layout-flow wp-block-column-is-layout-flow\">\n<div class=\"wp-block-group\"><div class=\"wp-block-group__inner-container is-layout-flow wp-block-group-is-layout-flow\">\n<figure class=\"wp-block-image alignfull size-large\"><img loading=\"lazy\" decoding=\"async\" width=\"1024\" height=\"683\" src=\"https:\/\/www.promenadesbillion.be\/wp-content\/uploads\/2021\/05\/DSC_3612-1024x683.jpg\" alt=\"\" class=\"wp-image-35\" srcset=\"https:\/\/www.promenadesbillion.be\/wp-content\/uploads\/2021\/05\/DSC_3612-1024x683.jpg 1024w, https:\/\/www.promenadesbillion.be\/wp-content\/uploads\/2021\/05\/DSC_3612-300x200.jpg 300w, https:\/\/www.promenadesbillion.be\/wp-content\/uploads\/2021\/05\/DSC_3612-768x512.jpg 768w, https:\/\/www.promenadesbillion.be\/wp-content\/uploads\/2021\/05\/DSC_3612-1536x1024.jpg 1536w, https:\/\/www.promenadesbillion.be\/wp-content\/uploads\/2021\/05\/DSC_3612-2048x1365.jpg 2048w, https:\/\/www.promenadesbillion.be\/wp-content\/uploads\/2021\/05\/DSC_3612-1568x1045.jpg 1568w\" sizes=\"auto, (max-width: 1024px) 100vw, 1024px\" \/><\/figure>\n\n\n\n<h3 class=\"wp-block-heading\">Ses montures<\/h3>\n\n\n\n<p>R1200 GS 2017<\/p>\n\n\n\n<div class=\"wp-block-button is-style-outline is-style-outline--4\"><a class=\"wp-block-button__link\" href=\"https:\/\/www.promenadesbillion.be\/?page_id=76\">Lire la suite<\/a><\/div>\n<\/div><\/div>\n\n\n\n<div class=\"wp-block-group\"><div class=\"wp-block-group__inner-container is-layout-flow wp-block-group-is-layout-flow\">\n<figure class=\"wp-block-image alignfull size-large\"><img loading=\"lazy\" decoding=\"async\" width=\"1024\" height=\"768\" src=\"https:\/\/www.promenadesbillion.be\/wp-content\/uploads\/2021\/05\/IMG_1860-1024x768.jpg\" alt=\"\" class=\"wp-image-66\" srcset=\"https:\/\/www.promenadesbillion.be\/wp-content\/uploads\/2021\/05\/IMG_1860-1024x768.jpg 1024w, https:\/\/www.promenadesbillion.be\/wp-content\/uploads\/2021\/05\/IMG_1860-300x225.jpg 300w, https:\/\/www.promenadesbillion.be\/wp-content\/uploads\/2021\/05\/IMG_1860-768x576.jpg 768w, https:\/\/www.promenadesbillion.be\/wp-content\/uploads\/2021\/05\/IMG_1860-1536x1152.jpg 1536w, https:\/\/www.promenadesbillion.be\/wp-content\/uploads\/2021\/05\/IMG_1860-2048x1536.jpg 2048w, https:\/\/www.promenadesbillion.be\/wp-content\/uploads\/2021\/05\/IMG_1860-1200x900.jpg 1200w, https:\/\/www.promenadesbillion.be\/wp-content\/uploads\/2021\/05\/IMG_1860-1980x1485.jpg 1980w\" sizes=\"auto, (max-width: 1024px) 100vw, 1024px\" \/><\/figure>\n\n\n\n<h3 class=\"wp-block-heading\">Promenades en Belgique<\/h3>\n\n\n\n<p>Retrouvez ici nos ballades en Belgique<\/p>\n\n\n\n<div class=\"wp-block-button is-style-outline is-style-outline--5\"><a class=\"wp-block-button__link\" href=\"https:\/\/www.promenadesbillion.be\/?page_id=601\">Lire la suite<\/a><\/div>\n\n\n\n<p><\/p>\n<\/div><\/div>\n<\/div>\n<\/div>\n\n\n\n<figure class=\"wp-block-image alignfull size-large\"><img loading=\"lazy\" decoding=\"async\" width=\"1024\" height=\"768\" src=\"https:\/\/www.promenadesbillion.be\/wp-content\/uploads\/2021\/05\/route-des-grandes-alpes-haute-savoie_27784.jpg\" alt=\"\" class=\"wp-image-63\" srcset=\"https:\/\/www.promenadesbillion.be\/wp-content\/uploads\/2021\/05\/route-des-grandes-alpes-haute-savoie_27784.jpg 1024w, https:\/\/www.promenadesbillion.be\/wp-content\/uploads\/2021\/05\/route-des-grandes-alpes-haute-savoie_27784-300x225.jpg 300w, https:\/\/www.promenadesbillion.be\/wp-content\/uploads\/2021\/05\/route-des-grandes-alpes-haute-savoie_27784-768x576.jpg 768w\" sizes=\"auto, (max-width: 1024px) 100vw, 1024px\" \/><\/figure>\n\n\n\n<div class=\"wp-block-group alignwide\"><div class=\"wp-block-group__inner-container is-layout-flow wp-block-group-is-layout-flow\">\n<h2 class=\"has-text-align-center has-accent-color has-text-color wp-block-heading\">Un reportage \u00e0 la TV un dimanche matin sur TF1 et un super site <a href=\"https:\/\/www.motofree.com\/\" target=\"_blank\" rel=\"noreferrer noopener\">www.motofree.com<\/a> la suite est sur ce site &#8230;&#8230;<\/h2>\n<\/div><\/div>\n\n\n\n<p class=\"has-drop-cap\">Apr\u00e8s 15 ann\u00e9es d&rsquo;arr\u00eat total de la moto, un jour je vois un fabuleux reportage sur la route des grandes Alpes et ce jour l\u00e0, je me suis dis faut que tu passes enfin ton permis et que tu fasses cette fabuleuse route.<\/p>\n\n\n\n<p>Ce fut chose faite le 06\/06\/2015, je passa mon permis provisoire.<\/p>\n\n\n\n<p>Et le 15\/06\/2015 je m&rsquo;offris ma premi\u00e8re moto de route une Kawasaky Versys 750.<\/p>\n\n\n\n<p>Il me restait plus qu&rsquo;\u00e0 passer le permis d\u00e9finitif avant de pouvoir enfin pr\u00e9voir une date pour le grand d\u00e9part.<\/p>\n\n\n\n<p>Le 06\/11\/2015 j&rsquo;ai pu enfin passer mon permis d\u00e9finitif avec ma nouvelle moto GS 800 car la Versys \u00e9tant trop basse pour moi je l&rsquo;avais d\u00e9j\u00e0 vendue.<\/p>\n\n\n\n<p>Apr\u00e8s de multiples recherches et une rigoureuse planification de la RGA me voil\u00e0 enfin parti en Septembre 2016 pour la premi\u00e8re fois sur cette fabuleuse route et depuis chaque ann\u00e9e, j&rsquo;en emprunte au moins un morceau si pas l&rsquo;enti\u00e8ret\u00e9.<\/p>\n\n\n\n<div class=\"wp-block-group alignwide has-background\" style=\"background-color:#ffffff\"><div class=\"wp-block-group__inner-container is-layout-flow wp-block-group-is-layout-flow\">\n<div class=\"wp-block-group\"><div class=\"wp-block-group__inner-container is-layout-flow wp-block-group-is-layout-flow\">\n<h2 class=\"has-text-align-center wp-block-heading\">Devenez membre du Billion Motor Club<\/h2>\n\n\n\n<p class=\"has-text-align-center\">vous trouverez tous les GPX de nos ballades<\/p>\n\n\n\n<div class=\"wp-block-button aligncenter\"><a class=\"wp-block-button__link\" href=\"https:\/\/make.wordpress.org\/core\/2019\/09\/27\/block-editor-theme-related-updates-in-wordpress-5-3\/\">Rejoignez le club<\/a><\/div>\n<\/div><\/div>\n<\/div><\/div>\n\n\n\n<figure class=\"wp-block-gallery alignwide columns-1 is-cropped wp-block-gallery-6 is-layout-flex wp-block-gallery-is-layout-flex\"><ul class=\"blocks-gallery-grid\"><li class=\"blocks-gallery-item\"><figure><img loading=\"lazy\" decoding=\"async\" width=\"1024\" height=\"683\" src=\"https:\/\/www.promenadesbillion.be\/wp-content\/uploads\/2021\/05\/DSC6160-1024x683.jpg\" alt=\"\" data-id=\"73\" data-full-url=\"https:\/\/www.promenadesbillion.be\/wp-content\/uploads\/2021\/05\/DSC6160-scaled.jpg\" data-link=\"https:\/\/www.promenadesbillion.be\/?attachment_id=73\" class=\"wp-image-73\" srcset=\"https:\/\/www.promenadesbillion.be\/wp-content\/uploads\/2021\/05\/DSC6160-1024x683.jpg 1024w, https:\/\/www.promenadesbillion.be\/wp-content\/uploads\/2021\/05\/DSC6160-300x200.jpg 300w, https:\/\/www.promenadesbillion.be\/wp-content\/uploads\/2021\/05\/DSC6160-768x512.jpg 768w, https:\/\/www.promenadesbillion.be\/wp-content\/uploads\/2021\/05\/DSC6160-1536x1024.jpg 1536w, https:\/\/www.promenadesbillion.be\/wp-content\/uploads\/2021\/05\/DSC6160-2048x1365.jpg 2048w, https:\/\/www.promenadesbillion.be\/wp-content\/uploads\/2021\/05\/DSC6160-1200x800.jpg 1200w, https:\/\/www.promenadesbillion.be\/wp-content\/uploads\/2021\/05\/DSC6160-1980x1320.jpg 1980w\" sizes=\"auto, (max-width: 1024px) 100vw, 1024px\" \/><\/figure><\/li><\/ul><\/figure>\n\n\n\n<p><\/p>\n","protected":false},"excerpt":{"rendered":"<p>Retrouvez sur ce site toutes nos ballades en France et en Belgique L&rsquo;homme Billion n\u00e9 le 15\/06\/1973 La route des Grandes Alpes D\u00e9couvrez mes voyages sur cette route mythique Les Autres belles routes L&rsquo;Auvergne,la Normandie,&#8230;&#8230; Ses montures R1200 GS 2017 Promenades en Belgique Retrouvez ici nos ballades en Belgique Un reportage \u00e0 la TV un [&hellip;]<\/p>\n","protected":false},"author":1,"featured_media":5,"parent":0,"menu_order":0,"comment_status":"closed","ping_status":"closed","template":"","meta":{"footnotes":""},"class_list":["post-6","page","type-page","status-publish","has-post-thumbnail","hentry"],"_links":{"self":[{"href":"https:\/\/www.promenadesbillion.be\/index.php?rest_route=\/wp\/v2\/pages\/6","targetHints":{"allow":["GET"]}}],"collection":[{"href":"https:\/\/www.promenadesbillion.be\/index.php?rest_route=\/wp\/v2\/pages"}],"about":[{"href":"https:\/\/www.promenadesbillion.be\/index.php?rest_route=\/wp\/v2\/types\/page"}],"author":[{"embeddable":true,"href":"https:\/\/www.promenadesbillion.be\/index.php?rest_route=\/wp\/v2\/users\/1"}],"replies":[{"embeddable":true,"href":"https:\/\/www.promenadesbillion.be\/index.php?rest_route=%2Fwp%2Fv2%2Fcomments&post=6"}],"version-history":[{"count":31,"href":"https:\/\/www.promenadesbillion.be\/index.php?rest_route=\/wp\/v2\/pages\/6\/revisions"}],"predecessor-version":[{"id":844,"href":"https:\/\/www.promenadesbillion.be\/index.php?rest_route=\/wp\/v2\/pages\/6\/revisions\/844"}],"wp:featuredmedia":[{"embeddable":true,"href":"https:\/\/www.promenadesbillion.be\/index.php?rest_route=\/wp\/v2\/media\/5"}],"wp:attachment":[{"href":"https:\/\/www.promenadesbillion.be\/index.php?rest_route=%2Fwp%2Fv2%2Fmedia&parent=6"}],"curies":[{"name":"wp","href":"https:\/\/api.w.org\/{rel}","templated":true}]}}