{"id":601,"date":"2021-05-06T08:02:50","date_gmt":"2021-05-06T06:02:50","guid":{"rendered":"http:\/\/www.promenadesbillion.be\/?page_id=601"},"modified":"2021-06-27T11:49:48","modified_gmt":"2021-06-27T09:49:48","slug":"les-ballades-en-belgique","status":"publish","type":"page","link":"https:\/\/www.promenadesbillion.be\/?page_id=601","title":{"rendered":"Les ballades en Belgique"},"content":{"rendered":"\n<blockquote class=\"wp-block-quote is-layout-flow wp-block-quote-is-layout-flow\"><p><strong>L<\/strong>a premi\u00e8re ballade en 2015 fut celle de la Molign\u00e9e.<\/p><cite>Ensuite il y&rsquo;a eu la ballade de Chimay avec le retour par la Fagne &#8211; Dinant &#8211; Namur&#8230;.., la ballade de Bouillon, La ballade vers Durbuy &#8230;&#8230;.<\/cite><\/blockquote>\n\n\n\n<p><\/p>\n\n\n\n<p>Par apr\u00e8s j&rsquo;ai d\u00e9couvert le logiciel <a href=\"https:\/\/www.myrouteapp.com\/fr\" data-type=\"URL\" data-id=\"https:\/\/www.myrouteapp.com\/fr\" target=\"_blank\" rel=\"noreferrer noopener\">MY ROUTE<\/a> et l\u00e0 j&rsquo;ai commenc\u00e9 \u00e0 faire mes propres ballades.<\/p>\n\n\n\n<p>Vous trouverez ici mes ballades les plus belles avec les fichiers GPX et Trippy.<\/p>\n\n\n\n<h2 class=\"wp-block-heading\"><a href=\"http:\/\/videos.promenadesbillion.be\/LIONEL\/VIREE-LIONEL-31102019.mp4\" data-type=\"URL\" data-id=\"http:\/\/videos.promenadesbillion.be\/LIONEL\/VIREE-LIONEL-31102019.mp4\" target=\"_blank\" rel=\"noreferrer noopener\">Ballade avec Lionel et son Harley<\/a><\/h2>\n\n\n\n<p><\/p>\n","protected":false},"excerpt":{"rendered":"<p>La premi\u00e8re ballade en 2015 fut celle de la Molign\u00e9e. Ensuite il y&rsquo;a eu la ballade de Chimay avec le retour par la Fagne &#8211; Dinant &#8211; Namur&#8230;.., la ballade de Bouillon, La ballade vers Durbuy &#8230;&#8230;. Par apr\u00e8s j&rsquo;ai d\u00e9couvert le logiciel MY ROUTE et l\u00e0 j&rsquo;ai commenc\u00e9 \u00e0 faire mes propres ballades. Vous [&hellip;]<\/p>\n","protected":false},"author":1,"featured_media":0,"parent":0,"menu_order":0,"comment_status":"closed","ping_status":"closed","template":"","meta":{"footnotes":""},"class_list":["post-601","page","type-page","status-publish","hentry"],"_links":{"self":[{"href":"https:\/\/www.promenadesbillion.be\/index.php?rest_route=\/wp\/v2\/pages\/601","targetHints":{"allow":["GET"]}}],"collection":[{"href":"https:\/\/www.promenadesbillion.be\/index.php?rest_route=\/wp\/v2\/pages"}],"about":[{"href":"https:\/\/www.promenadesbillion.be\/index.php?rest_route=\/wp\/v2\/types\/page"}],"author":[{"embeddable":true,"href":"https:\/\/www.promenadesbillion.be\/index.php?rest_route=\/wp\/v2\/users\/1"}],"replies":[{"embeddable":true,"href":"https:\/\/www.promenadesbillion.be\/index.php?rest_route=%2Fwp%2Fv2%2Fcomments&post=601"}],"version-history":[{"count":5,"href":"https:\/\/www.promenadesbillion.be\/index.php?rest_route=\/wp\/v2\/pages\/601\/revisions"}],"predecessor-version":[{"id":1441,"href":"https:\/\/www.promenadesbillion.be\/index.php?rest_route=\/wp\/v2\/pages\/601\/revisions\/1441"}],"wp:attachment":[{"href":"https:\/\/www.promenadesbillion.be\/index.php?rest_route=%2Fwp%2Fv2%2Fmedia&parent=601"}],"curies":[{"name":"wp","href":"https:\/\/api.w.org\/{rel}","templated":true}]}}