{"id":76,"date":"2021-05-05T20:35:27","date_gmt":"2021-05-05T18:35:27","guid":{"rendered":"http:\/\/www.promenadesbillion.be\/?page_id=76"},"modified":"2024-08-20T16:14:44","modified_gmt":"2024-08-20T14:14:44","slug":"les-motos-de-billion","status":"publish","type":"page","link":"https:\/\/www.promenadesbillion.be\/?page_id=76","title":{"rendered":"Les motos de Billion"},"content":{"rendered":"\n<p>Au commencement je roulais sur la Monkey de mon fr\u00e8re.<\/p>\n\n\n\n<figure class=\"wp-block-image size-large is-resized\"><img loading=\"lazy\" decoding=\"async\" width=\"800\" height=\"800\" src=\"https:\/\/www.promenadesbillion.be\/wp-content\/uploads\/2021\/05\/honda-monkey-z50-j1-1976-origine-ollection.jpg\" alt=\"\" class=\"wp-image-77\" style=\"width:394px;height:394px\" srcset=\"https:\/\/www.promenadesbillion.be\/wp-content\/uploads\/2021\/05\/honda-monkey-z50-j1-1976-origine-ollection.jpg 800w, https:\/\/www.promenadesbillion.be\/wp-content\/uploads\/2021\/05\/honda-monkey-z50-j1-1976-origine-ollection-300x300.jpg 300w, https:\/\/www.promenadesbillion.be\/wp-content\/uploads\/2021\/05\/honda-monkey-z50-j1-1976-origine-ollection-150x150.jpg 150w, https:\/\/www.promenadesbillion.be\/wp-content\/uploads\/2021\/05\/honda-monkey-z50-j1-1976-origine-ollection-768x768.jpg 768w\" sizes=\"auto, (max-width: 800px) 100vw, 800px\" \/><figcaption class=\"wp-element-caption\">Honda Monkey Z50<\/figcaption><\/figure>\n\n\n\n<p>Ensuite, sur la XR200 de Papa.<\/p>\n\n\n\n<figure class=\"wp-block-image size-large\"><img loading=\"lazy\" decoding=\"async\" width=\"1024\" height=\"740\" src=\"https:\/\/www.promenadesbillion.be\/wp-content\/uploads\/2021\/05\/xr200.jpg\" alt=\"\" class=\"wp-image-78\" srcset=\"https:\/\/www.promenadesbillion.be\/wp-content\/uploads\/2021\/05\/xr200.jpg 1024w, https:\/\/www.promenadesbillion.be\/wp-content\/uploads\/2021\/05\/xr200-300x217.jpg 300w, https:\/\/www.promenadesbillion.be\/wp-content\/uploads\/2021\/05\/xr200-768x555.jpg 768w\" sizes=\"auto, (max-width: 1024px) 100vw, 1024px\" \/><figcaption class=\"wp-element-caption\">XR 200<\/figcaption><\/figure>\n\n\n\n<p>Apr\u00e8s j&rsquo;ai eu ma premi\u00e8re b\u00e9cane.<\/p>\n\n\n\n<figure class=\"wp-block-image size-large\"><img loading=\"lazy\" decoding=\"async\" width=\"500\" height=\"355\" src=\"https:\/\/www.promenadesbillion.be\/wp-content\/uploads\/2021\/05\/IMG_0072.jpg\" alt=\"\" class=\"wp-image-79\" srcset=\"https:\/\/www.promenadesbillion.be\/wp-content\/uploads\/2021\/05\/IMG_0072.jpg 500w, https:\/\/www.promenadesbillion.be\/wp-content\/uploads\/2021\/05\/IMG_0072-300x213.jpg 300w\" sizes=\"auto, (max-width: 500px) 100vw, 500px\" \/><figcaption class=\"wp-element-caption\">YZ 100<\/figcaption><\/figure>\n\n\n\n<p>Et puis je suis pass\u00e9 au Enduro.<\/p>\n\n\n\n<figure class=\"wp-block-image size-large\"><img loading=\"lazy\" decoding=\"async\" width=\"1024\" height=\"768\" src=\"https:\/\/www.promenadesbillion.be\/wp-content\/uploads\/2021\/05\/IMG_0147-1024x768.jpg\" alt=\"\" class=\"wp-image-80\" srcset=\"https:\/\/www.promenadesbillion.be\/wp-content\/uploads\/2021\/05\/IMG_0147-1024x768.jpg 1024w, https:\/\/www.promenadesbillion.be\/wp-content\/uploads\/2021\/05\/IMG_0147-300x225.jpg 300w, https:\/\/www.promenadesbillion.be\/wp-content\/uploads\/2021\/05\/IMG_0147-768x576.jpg 768w, https:\/\/www.promenadesbillion.be\/wp-content\/uploads\/2021\/05\/IMG_0147-1536x1152.jpg 1536w, https:\/\/www.promenadesbillion.be\/wp-content\/uploads\/2021\/05\/IMG_0147-2048x1536.jpg 2048w, https:\/\/www.promenadesbillion.be\/wp-content\/uploads\/2021\/05\/IMG_0147-1200x900.jpg 1200w, https:\/\/www.promenadesbillion.be\/wp-content\/uploads\/2021\/05\/IMG_0147-1980x1485.jpg 1980w\" sizes=\"auto, (max-width: 1024px) 100vw, 1024px\" \/><figcaption class=\"wp-element-caption\">XR400<\/figcaption><\/figure>\n\n\n\n<figure class=\"wp-block-image size-large\"><img loading=\"lazy\" decoding=\"async\" width=\"1024\" height=\"768\" src=\"https:\/\/www.promenadesbillion.be\/wp-content\/uploads\/2021\/05\/kawa-enduro-1024x768.jpg\" alt=\"\" class=\"wp-image-81\" srcset=\"https:\/\/www.promenadesbillion.be\/wp-content\/uploads\/2021\/05\/kawa-enduro-1024x768.jpg 1024w, https:\/\/www.promenadesbillion.be\/wp-content\/uploads\/2021\/05\/kawa-enduro-300x225.jpg 300w, https:\/\/www.promenadesbillion.be\/wp-content\/uploads\/2021\/05\/kawa-enduro-768x576.jpg 768w, https:\/\/www.promenadesbillion.be\/wp-content\/uploads\/2021\/05\/kawa-enduro-1536x1152.jpg 1536w, https:\/\/www.promenadesbillion.be\/wp-content\/uploads\/2021\/05\/kawa-enduro-1200x900.jpg 1200w, https:\/\/www.promenadesbillion.be\/wp-content\/uploads\/2021\/05\/kawa-enduro-1980x1485.jpg 1980w, https:\/\/www.promenadesbillion.be\/wp-content\/uploads\/2021\/05\/kawa-enduro.jpg 2048w\" sizes=\"auto, (max-width: 1024px) 100vw, 1024px\" \/><\/figure>\n\n\n\n<p>Et enfin sur la route.<\/p>\n\n\n\n<figure class=\"wp-block-image size-large\"><img loading=\"lazy\" decoding=\"async\" width=\"1024\" height=\"768\" src=\"https:\/\/www.promenadesbillion.be\/wp-content\/uploads\/2021\/05\/IMG_2400-1024x768.jpg\" alt=\"\" class=\"wp-image-82\" srcset=\"https:\/\/www.promenadesbillion.be\/wp-content\/uploads\/2021\/05\/IMG_2400-1024x768.jpg 1024w, https:\/\/www.promenadesbillion.be\/wp-content\/uploads\/2021\/05\/IMG_2400-300x225.jpg 300w, https:\/\/www.promenadesbillion.be\/wp-content\/uploads\/2021\/05\/IMG_2400-768x576.jpg 768w, https:\/\/www.promenadesbillion.be\/wp-content\/uploads\/2021\/05\/IMG_2400-1536x1152.jpg 1536w, https:\/\/www.promenadesbillion.be\/wp-content\/uploads\/2021\/05\/IMG_2400-2048x1536.jpg 2048w, https:\/\/www.promenadesbillion.be\/wp-content\/uploads\/2021\/05\/IMG_2400-1200x900.jpg 1200w, https:\/\/www.promenadesbillion.be\/wp-content\/uploads\/2021\/05\/IMG_2400-1980x1485.jpg 1980w\" sizes=\"auto, (max-width: 1024px) 100vw, 1024px\" \/><\/figure>\n\n\n\n<figure class=\"wp-block-image size-large\"><img loading=\"lazy\" decoding=\"async\" width=\"1024\" height=\"768\" src=\"https:\/\/www.promenadesbillion.be\/wp-content\/uploads\/2021\/05\/IMG_2408-1024x768.jpg\" alt=\"\" class=\"wp-image-83\" srcset=\"https:\/\/www.promenadesbillion.be\/wp-content\/uploads\/2021\/05\/IMG_2408-1024x768.jpg 1024w, https:\/\/www.promenadesbillion.be\/wp-content\/uploads\/2021\/05\/IMG_2408-300x225.jpg 300w, https:\/\/www.promenadesbillion.be\/wp-content\/uploads\/2021\/05\/IMG_2408-768x576.jpg 768w, https:\/\/www.promenadesbillion.be\/wp-content\/uploads\/2021\/05\/IMG_2408-1536x1152.jpg 1536w, https:\/\/www.promenadesbillion.be\/wp-content\/uploads\/2021\/05\/IMG_2408-2048x1536.jpg 2048w, https:\/\/www.promenadesbillion.be\/wp-content\/uploads\/2021\/05\/IMG_2408-1200x900.jpg 1200w, https:\/\/www.promenadesbillion.be\/wp-content\/uploads\/2021\/05\/IMG_2408-1980x1485.jpg 1980w\" sizes=\"auto, (max-width: 1024px) 100vw, 1024px\" \/><\/figure>\n\n\n\n<figure class=\"wp-block-image size-large\"><img loading=\"lazy\" decoding=\"async\" width=\"1024\" height=\"684\" src=\"https:\/\/www.promenadesbillion.be\/wp-content\/uploads\/2021\/05\/DSC_4095-1024x684.jpg\" alt=\"\" class=\"wp-image-84\" srcset=\"https:\/\/www.promenadesbillion.be\/wp-content\/uploads\/2021\/05\/DSC_4095-1024x684.jpg 1024w, https:\/\/www.promenadesbillion.be\/wp-content\/uploads\/2021\/05\/DSC_4095-300x200.jpg 300w, https:\/\/www.promenadesbillion.be\/wp-content\/uploads\/2021\/05\/DSC_4095-768x513.jpg 768w, https:\/\/www.promenadesbillion.be\/wp-content\/uploads\/2021\/05\/DSC_4095-1536x1025.jpg 1536w, https:\/\/www.promenadesbillion.be\/wp-content\/uploads\/2021\/05\/DSC_4095-2048x1367.jpg 2048w, https:\/\/www.promenadesbillion.be\/wp-content\/uploads\/2021\/05\/DSC_4095-1200x801.jpg 1200w, https:\/\/www.promenadesbillion.be\/wp-content\/uploads\/2021\/05\/DSC_4095-1980x1322.jpg 1980w\" sizes=\"auto, (max-width: 1024px) 100vw, 1024px\" \/><figcaption class=\"wp-element-caption\">F800 GS<\/figcaption><\/figure>\n\n\n\n<figure class=\"wp-block-image size-large\"><a href=\"https:\/\/www.promenadesbillion.be\/wp-content\/uploads\/2021\/05\/cropped-DSC_3612-1-scaled-1.jpg\" target=\"_blank\" rel=\"noopener\"><img loading=\"lazy\" decoding=\"async\" width=\"512\" height=\"512\" src=\"https:\/\/www.promenadesbillion.be\/wp-content\/uploads\/2021\/05\/cropped-DSC_3612-1-scaled-1.jpg\" alt=\"\" class=\"wp-image-57\" srcset=\"https:\/\/www.promenadesbillion.be\/wp-content\/uploads\/2021\/05\/cropped-DSC_3612-1-scaled-1.jpg 512w, https:\/\/www.promenadesbillion.be\/wp-content\/uploads\/2021\/05\/cropped-DSC_3612-1-scaled-1-300x300.jpg 300w, https:\/\/www.promenadesbillion.be\/wp-content\/uploads\/2021\/05\/cropped-DSC_3612-1-scaled-1-150x150.jpg 150w, https:\/\/www.promenadesbillion.be\/wp-content\/uploads\/2021\/05\/cropped-DSC_3612-1-scaled-1-270x270.jpg 270w, https:\/\/www.promenadesbillion.be\/wp-content\/uploads\/2021\/05\/cropped-DSC_3612-1-scaled-1-192x192.jpg 192w, https:\/\/www.promenadesbillion.be\/wp-content\/uploads\/2021\/05\/cropped-DSC_3612-1-scaled-1-180x180.jpg 180w, https:\/\/www.promenadesbillion.be\/wp-content\/uploads\/2021\/05\/cropped-DSC_3612-1-scaled-1-32x32.jpg 32w\" sizes=\"auto, (max-width: 512px) 100vw, 512px\" \/><\/a><figcaption class=\"wp-element-caption\">R1200 GS<\/figcaption><\/figure>\n\n\n\n<figure class=\"wp-block-image size-large\"><img loading=\"lazy\" decoding=\"async\" width=\"577\" height=\"1024\" src=\"https:\/\/www.promenadesbillion.be\/wp-content\/uploads\/2024\/08\/transalp-577x1024.jpg\" alt=\"\" class=\"wp-image-2455\" srcset=\"https:\/\/www.promenadesbillion.be\/wp-content\/uploads\/2024\/08\/transalp-577x1024.jpg 577w, https:\/\/www.promenadesbillion.be\/wp-content\/uploads\/2024\/08\/transalp-169x300.jpg 169w, https:\/\/www.promenadesbillion.be\/wp-content\/uploads\/2024\/08\/transalp-768x1364.jpg 768w, https:\/\/www.promenadesbillion.be\/wp-content\/uploads\/2024\/08\/transalp-865x1536.jpg 865w, https:\/\/www.promenadesbillion.be\/wp-content\/uploads\/2024\/08\/transalp-1153x2048.jpg 1153w, https:\/\/www.promenadesbillion.be\/wp-content\/uploads\/2024\/08\/transalp-1200x2131.jpg 1200w, https:\/\/www.promenadesbillion.be\/wp-content\/uploads\/2024\/08\/transalp-1980x3517.jpg 1980w, https:\/\/www.promenadesbillion.be\/wp-content\/uploads\/2024\/08\/transalp-scaled.jpg 1441w\" sizes=\"auto, (max-width: 577px) 100vw, 577px\" \/><\/figure>\n\n\n\n<p>Honda Transalp 750<\/p>\n\n\n\n<figure class=\"wp-block-image size-full\"><img loading=\"lazy\" decoding=\"async\" width=\"918\" height=\"629\" src=\"https:\/\/www.promenadesbillion.be\/wp-content\/uploads\/2024\/08\/excf350.jpg\" alt=\"\" class=\"wp-image-2456\" srcset=\"https:\/\/www.promenadesbillion.be\/wp-content\/uploads\/2024\/08\/excf350.jpg 918w, https:\/\/www.promenadesbillion.be\/wp-content\/uploads\/2024\/08\/excf350-300x206.jpg 300w, https:\/\/www.promenadesbillion.be\/wp-content\/uploads\/2024\/08\/excf350-768x526.jpg 768w\" sizes=\"auto, (max-width: 918px) 100vw, 918px\" \/><\/figure>\n\n\n\n<p>KTM EXC-F 6 DAYS 350<\/p>\n\n\n\n<figure class=\"wp-block-image size-large\"><img loading=\"lazy\" decoding=\"async\" width=\"1024\" height=\"768\" src=\"https:\/\/www.promenadesbillion.be\/wp-content\/uploads\/2024\/08\/surron-1024x768.jpg\" alt=\"\" class=\"wp-image-2460\" srcset=\"https:\/\/www.promenadesbillion.be\/wp-content\/uploads\/2024\/08\/surron-1024x768.jpg 1024w, https:\/\/www.promenadesbillion.be\/wp-content\/uploads\/2024\/08\/surron-300x225.jpg 300w, https:\/\/www.promenadesbillion.be\/wp-content\/uploads\/2024\/08\/surron-768x576.jpg 768w, https:\/\/www.promenadesbillion.be\/wp-content\/uploads\/2024\/08\/surron-1536x1152.jpg 1536w, https:\/\/www.promenadesbillion.be\/wp-content\/uploads\/2024\/08\/surron-2048x1536.jpg 2048w, https:\/\/www.promenadesbillion.be\/wp-content\/uploads\/2024\/08\/surron-1200x900.jpg 1200w, https:\/\/www.promenadesbillion.be\/wp-content\/uploads\/2024\/08\/surron-1980x1485.jpg 1980w\" sizes=\"auto, (max-width: 1024px) 100vw, 1024px\" \/><\/figure>\n\n\n\n<p>Surron Ultra Bee ( \u00e9lectrique )<\/p>\n","protected":false},"excerpt":{"rendered":"<p>Au commencement je roulais sur la Monkey de mon fr\u00e8re. Ensuite, sur la XR200 de Papa. Apr\u00e8s j&rsquo;ai eu ma premi\u00e8re b\u00e9cane. Et puis je suis pass\u00e9 au Enduro. Et enfin sur la route. Honda Transalp 750 KTM EXC-F 6 DAYS 350 Surron Ultra Bee ( \u00e9lectrique )<\/p>\n","protected":false},"author":1,"featured_media":0,"parent":0,"menu_order":0,"comment_status":"closed","ping_status":"closed","template":"","meta":{"footnotes":""},"class_list":["post-76","page","type-page","status-publish","hentry"],"_links":{"self":[{"href":"https:\/\/www.promenadesbillion.be\/index.php?rest_route=\/wp\/v2\/pages\/76","targetHints":{"allow":["GET"]}}],"collection":[{"href":"https:\/\/www.promenadesbillion.be\/index.php?rest_route=\/wp\/v2\/pages"}],"about":[{"href":"https:\/\/www.promenadesbillion.be\/index.php?rest_route=\/wp\/v2\/types\/page"}],"author":[{"embeddable":true,"href":"https:\/\/www.promenadesbillion.be\/index.php?rest_route=\/wp\/v2\/users\/1"}],"replies":[{"embeddable":true,"href":"https:\/\/www.promenadesbillion.be\/index.php?rest_route=%2Fwp%2Fv2%2Fcomments&post=76"}],"version-history":[{"count":5,"href":"https:\/\/www.promenadesbillion.be\/index.php?rest_route=\/wp\/v2\/pages\/76\/revisions"}],"predecessor-version":[{"id":2461,"href":"https:\/\/www.promenadesbillion.be\/index.php?rest_route=\/wp\/v2\/pages\/76\/revisions\/2461"}],"wp:attachment":[{"href":"https:\/\/www.promenadesbillion.be\/index.php?rest_route=%2Fwp%2Fv2%2Fmedia&parent=76"}],"curies":[{"name":"wp","href":"https:\/\/api.w.org\/{rel}","templated":true}]}}