{"id":88,"date":"2021-05-05T20:46:12","date_gmt":"2021-05-05T18:46:12","guid":{"rendered":"http:\/\/www.promenadesbillion.be\/?page_id=88"},"modified":"2021-05-05T20:46:12","modified_gmt":"2021-05-05T18:46:12","slug":"qui-est-billion","status":"publish","type":"page","link":"https:\/\/www.promenadesbillion.be\/?page_id=88","title":{"rendered":"Qui est Billion ?"},"content":{"rendered":"\n<p>Je suis n\u00e9 \u00e0 Bruxelles le 15\/06\/1973<\/p>\n\n\n\n<p>J&rsquo;ai grandi d&rsquo;abord \u00e0 Auderghem.<\/p>\n\n\n\n<p>Ensuite j&rsquo;ai migr\u00e9 vers la campagne ou l\u00e0 j&rsquo;ai eu le virus de la moto.<\/p>\n\n\n\n<p>Je suis informaticien la semaine et le weekend ma moto me permet de m&rsquo;\u00e9vader et de me changer les id\u00e9es.<\/p>\n\n\n\n<p>Mon r\u00eave ?<\/p>\n\n\n\n<p>Ouvrir un g\u00eete avec ma femme et recevoir des motards afin d&rsquo;organiser de belles ballades.<\/p>\n","protected":false},"excerpt":{"rendered":"<p>Je suis n\u00e9 \u00e0 Bruxelles le 15\/06\/1973 J&rsquo;ai grandi d&rsquo;abord \u00e0 Auderghem. Ensuite j&rsquo;ai migr\u00e9 vers la campagne ou l\u00e0 j&rsquo;ai eu le virus de la moto. Je suis informaticien la semaine et le weekend ma moto me permet de m&rsquo;\u00e9vader et de me changer les id\u00e9es. Mon r\u00eave ? Ouvrir un g\u00eete avec ma [&hellip;]<\/p>\n","protected":false},"author":1,"featured_media":0,"parent":0,"menu_order":0,"comment_status":"closed","ping_status":"closed","template":"","meta":{"footnotes":""},"class_list":["post-88","page","type-page","status-publish","hentry"],"_links":{"self":[{"href":"https:\/\/www.promenadesbillion.be\/index.php?rest_route=\/wp\/v2\/pages\/88","targetHints":{"allow":["GET"]}}],"collection":[{"href":"https:\/\/www.promenadesbillion.be\/index.php?rest_route=\/wp\/v2\/pages"}],"about":[{"href":"https:\/\/www.promenadesbillion.be\/index.php?rest_route=\/wp\/v2\/types\/page"}],"author":[{"embeddable":true,"href":"https:\/\/www.promenadesbillion.be\/index.php?rest_route=\/wp\/v2\/users\/1"}],"replies":[{"embeddable":true,"href":"https:\/\/www.promenadesbillion.be\/index.php?rest_route=%2Fwp%2Fv2%2Fcomments&post=88"}],"version-history":[{"count":1,"href":"https:\/\/www.promenadesbillion.be\/index.php?rest_route=\/wp\/v2\/pages\/88\/revisions"}],"predecessor-version":[{"id":89,"href":"https:\/\/www.promenadesbillion.be\/index.php?rest_route=\/wp\/v2\/pages\/88\/revisions\/89"}],"wp:attachment":[{"href":"https:\/\/www.promenadesbillion.be\/index.php?rest_route=%2Fwp%2Fv2%2Fmedia&parent=88"}],"curies":[{"name":"wp","href":"https:\/\/api.w.org\/{rel}","templated":true}]}}